{"id":1144,"date":"2016-01-28T16:13:29","date_gmt":"2016-01-28T13:13:29","guid":{"rendered":"http:\/\/roboromania.ro\/produs\/transmitator-receptor-radio-kit-433mhz-compatibil-arduino\/"},"modified":"2025-03-04T11:35:36","modified_gmt":"2025-03-04T08:35:36","slug":"transmitator-receptor-radio-kit-433mhz-compatibil-arduino","status":"publish","type":"product","link":"https:\/\/roboromania.ro\/?product=transmitator-receptor-radio-kit-433mhz-compatibil-arduino","title":{"rendered":"Transmi\u021b\u0103tor &#8211; Receptor radio kit 433MHZ compatibil Arduino"},"content":{"rendered":"<p>Transmi\u021b\u0103tor &#8211; Receptor radio kit 433MHZ compatibil Arduino<br \/>\n<a href=\"http:\/\/roboromania.ro\/wp-content\/uploads\/2016\/01\/Transmitator-Receptor-radio-kit-433MHZ-roboromania-pag.jpg\"><img loading=\"lazy\" decoding=\"async\" class=\"alignnone size-full wp-image-1145\" src=\"http:\/\/roboromania.ro\/wp-content\/uploads\/2016\/01\/Transmitator-Receptor-radio-kit-433MHZ-roboromania-pag.jpg\" alt=\"Transmitator-Receptor-radio-kit-433MHZ-roboromania-pag\" width=\"200\" height=\"186\" \/><\/a><br \/>\nCaracteristici:<br \/>\nParametrii modulului receptor:<br \/>\nTensiune: DC5V<br \/>\nCurent static: 4mA<br \/>\nFrecven\u021b\u0103 receptor: 433MHz<br \/>\nSensibilitate receptor: -105DB<br \/>\nAnten\u0103 extern\u0103: fir 32cm single-core, spiral\u0103<br \/>\nDimensiune: 30 x 14 mm<br \/>\nParametrii modulului emi\u021b\u0103tor:<br \/>\nDistan\u021ba de transmisie: 50-100 de metri<br \/>\nTensiune de lucru: 3-6V<br \/>\nModalit\u0103\u021bi de lucru: AM<br \/>\nRata de transfer: 4KB \/ S<br \/>\nPutere de transmisie: 10 mW<br \/>\nFrecven\u021b\u0103 de emisie: 433M<br \/>\nAnten\u0103 extern\u0103: 25cm linie<br \/>\nDimensiune: 19 x 19 mm<\/p>\n<p><a href=\"http:\/\/roboromania.ro\/wp-content\/uploads\/2016\/01\/Transmitator-Receptor-radio-kit-433MHZ-leg2-roboromania.jpg\"><img loading=\"lazy\" decoding=\"async\" class=\"alignnone size-medium wp-image-1785\" src=\"http:\/\/roboromania.ro\/wp-content\/uploads\/2016\/01\/Transmitator-Receptor-radio-kit-433MHZ-leg2-roboromania-300x209.jpg\" alt=\"Transmitator-Receptor-radio-kit-433MHZ-leg2-roboromania\" width=\"300\" height=\"209\" srcset=\"https:\/\/roboromania.ro\/wp-content\/uploads\/2016\/01\/Transmitator-Receptor-radio-kit-433MHZ-leg2-roboromania-300x209.jpg 300w, https:\/\/roboromania.ro\/wp-content\/uploads\/2016\/01\/Transmitator-Receptor-radio-kit-433MHZ-leg2-roboromania.jpg 665w\" sizes=\"auto, (max-width: 300px) 100vw, 300px\" \/><\/a><\/p>\n","protected":false},"excerpt":{"rendered":"<p>Transmi\u021b\u0103tor &#8211; Receptor radio kit 433MHZ compatibil Arduino<\/p>\n","protected":false},"featured_media":1145,"comment_status":"open","ping_status":"closed","template":"","meta":[],"product_brand":[],"product_cat":[15,10,208],"product_tag":[7,13,180,181],"class_list":{"0":"post-1144","1":"product","2":"type-product","3":"status-publish","4":"has-post-thumbnail","6":"product_cat-module","7":"product_cat-retea","8":"product_cat-wireless","9":"product_tag-arduino","10":"product_tag-lan","11":"product_tag-nrf24l01","12":"product_tag-transceiver","14":"first","15":"instock","16":"shipping-taxable","17":"purchasable","18":"product-type-simple"},"_links":{"self":[{"href":"https:\/\/roboromania.ro\/index.php?rest_route=\/wp\/v2\/product\/1144","targetHints":{"allow":["GET"]}}],"collection":[{"href":"https:\/\/roboromania.ro\/index.php?rest_route=\/wp\/v2\/product"}],"about":[{"href":"https:\/\/roboromania.ro\/index.php?rest_route=\/wp\/v2\/types\/product"}],"replies":[{"embeddable":true,"href":"https:\/\/roboromania.ro\/index.php?rest_route=%2Fwp%2Fv2%2Fcomments&post=1144"}],"wp:featuredmedia":[{"embeddable":true,"href":"https:\/\/roboromania.ro\/index.php?rest_route=\/wp\/v2\/media\/1145"}],"wp:attachment":[{"href":"https:\/\/roboromania.ro\/index.php?rest_route=%2Fwp%2Fv2%2Fmedia&parent=1144"}],"wp:term":[{"taxonomy":"product_brand","embeddable":true,"href":"https:\/\/roboromania.ro\/index.php?rest_route=%2Fwp%2Fv2%2Fproduct_brand&post=1144"},{"taxonomy":"product_cat","embeddable":true,"href":"https:\/\/roboromania.ro\/index.php?rest_route=%2Fwp%2Fv2%2Fproduct_cat&post=1144"},{"taxonomy":"product_tag","embeddable":true,"href":"https:\/\/roboromania.ro\/index.php?rest_route=%2Fwp%2Fv2%2Fproduct_tag&post=1144"}],"curies":[{"name":"wp","href":"https:\/\/api.w.org\/{rel}","templated":true}]}}