{"id":1113,"date":"2016-01-12T11:23:12","date_gmt":"2016-01-12T08:23:12","guid":{"rendered":"http:\/\/roboromania.ro\/produs\/servo-motor-9g-micro-compatibil-arduino\/"},"modified":"2025-11-23T14:45:17","modified_gmt":"2025-11-23T11:45:17","slug":"servo-motor-9g-micro-compatibil-arduino","status":"publish","type":"product","link":"https:\/\/roboromania.ro\/?product=servo-motor-9g-micro-compatibil-arduino","title":{"rendered":"Servo Motor 9G Micro (179) Compatibil Arduino"},"content":{"rendered":"<p>Servo Motor 9G Micro Compatibil Arduino<br \/>\n<a href=\"http:\/\/roboromania.ro\/wp-content\/uploads\/2016\/01\/SG90-9G-Micro-Servo-Motor-avr-roboromania-set.jpg\"><img loading=\"lazy\" decoding=\"async\" class=\"alignnone size-medium wp-image-1390\" src=\"http:\/\/roboromania.ro\/wp-content\/uploads\/2016\/01\/SG90-9G-Micro-Servo-Motor-avr-roboromania-set-295x300.jpg\" alt=\"SG90-9G-Micro-Servo-Motor-avr-roboromania-set\" width=\"295\" height=\"300\" srcset=\"https:\/\/roboromania.ro\/wp-content\/uploads\/2016\/01\/SG90-9G-Micro-Servo-Motor-avr-roboromania-set-295x300.jpg 295w, https:\/\/roboromania.ro\/wp-content\/uploads\/2016\/01\/SG90-9G-Micro-Servo-Motor-avr-roboromania-set.jpg 700w\" sizes=\"auto, (max-width: 295px) 100vw, 295px\" \/><\/a><a href=\"http:\/\/roboromania.ro\/wp-content\/uploads\/2016\/01\/SG90-9G-Micro-Servo-Motor-avr-roboromania-Bucuresti-avr-328.jpg\"><img loading=\"lazy\" decoding=\"async\" class=\"alignnone size-medium wp-image-1115\" src=\"http:\/\/roboromania.ro\/wp-content\/uploads\/2016\/01\/SG90-9G-Micro-Servo-Motor-avr-roboromania-Bucuresti-avr-328-292x300.jpg\" alt=\"SG90-9G-Micro-Servo-Motor-avr-roboromania-Bucuresti-avr-328\" width=\"292\" height=\"300\" srcset=\"https:\/\/roboromania.ro\/wp-content\/uploads\/2016\/01\/SG90-9G-Micro-Servo-Motor-avr-roboromania-Bucuresti-avr-328-292x300.jpg 292w, https:\/\/roboromania.ro\/wp-content\/uploads\/2016\/01\/SG90-9G-Micro-Servo-Motor-avr-roboromania-Bucuresti-avr-328.jpg 400w\" sizes=\"auto, (max-width: 292px) 100vw, 292px\" \/><\/a><a href=\"https:\/\/roboromania.ro\/wp-content\/uploads\/2016\/01\/SG90-9G-Micro-Servo-Motor-pini.jpg\"><img loading=\"lazy\" decoding=\"async\" class=\"alignnone size-medium wp-image-2235\" src=\"https:\/\/roboromania.ro\/wp-content\/uploads\/2016\/01\/SG90-9G-Micro-Servo-Motor-pini-300x214.jpg\" alt=\"\" width=\"300\" height=\"214\" srcset=\"https:\/\/roboromania.ro\/wp-content\/uploads\/2016\/01\/SG90-9G-Micro-Servo-Motor-pini-300x214.jpg 300w, https:\/\/roboromania.ro\/wp-content\/uploads\/2016\/01\/SG90-9G-Micro-Servo-Motor-pini.jpg 340w\" sizes=\"auto, (max-width: 300px) 100vw, 300px\" \/><\/a><br \/>\nEste un servo motor mic pentru o sarcina mic\u0103. Folosit pentru senzori de tip scanare, robo\u021bi mici, etc.<br \/>\nPentru controlul acestor servomecanisme se utilizeaz\u0103 un semnal PWM standard.<br \/>\nArduino face o treaba excelenta \u00een a controla PWM un servomotor, f\u0103c\u00e2ndu-l ideal pentru o varietate mare de proiecte robotice.<\/p>\n<p>Specificatii :<br \/>\nTensiune de operare 4,8 la 6V (recomandat 5V)<br \/>\nViteza 0,10sec \/ 60 grade<br \/>\nCuplu 1,3 kg.cm<br \/>\nUnghi de operare 180 \u00b0<br \/>\nGreutate 9 g<br \/>\nDimensiune 23,2 mm x 12,5 mm x 22 mm<br \/>\nProtocol de control PWM<br \/>\nLungime cablu 200 mm<\/p>\n<p><a href=\"http:\/\/roboromania.ro\/wp-content\/uploads\/2016\/01\/SG90-9G-Micro-Servo-Motor-pini.jpg\"><img loading=\"lazy\" decoding=\"async\" class=\"alignnone size-medium wp-image-2235\" src=\"http:\/\/roboromania.ro\/wp-content\/uploads\/2016\/01\/SG90-9G-Micro-Servo-Motor-pini-300x214.jpg\" alt=\"SG90-9G-Micro-Servo-Motor-pini\" width=\"300\" height=\"214\" srcset=\"https:\/\/roboromania.ro\/wp-content\/uploads\/2016\/01\/SG90-9G-Micro-Servo-Motor-pini-300x214.jpg 300w, https:\/\/roboromania.ro\/wp-content\/uploads\/2016\/01\/SG90-9G-Micro-Servo-Motor-pini.jpg 340w\" sizes=\"auto, (max-width: 300px) 100vw, 300px\" \/><\/a><a href=\"http:\/\/roboromania.ro\/wp-content\/uploads\/2016\/01\/1.jpg\"><img loading=\"lazy\" decoding=\"async\" class=\"alignnone size-medium wp-image-5745\" src=\"http:\/\/roboromania.ro\/wp-content\/uploads\/2016\/01\/1-300x144.jpg\" alt=\"1\" width=\"300\" height=\"144\" srcset=\"https:\/\/roboromania.ro\/wp-content\/uploads\/2016\/01\/1-300x144.jpg 300w, https:\/\/roboromania.ro\/wp-content\/uploads\/2016\/01\/1.jpg 1000w\" sizes=\"auto, (max-width: 300px) 100vw, 300px\" \/><\/a><br \/>\nArduino projects.<\/p>\n","protected":false},"excerpt":{"rendered":"<p>Servo Motor 9G Micro Compatibil Arduino<br \/>\nArduino projects.<\/p>\n","protected":false},"featured_media":1114,"comment_status":"open","ping_status":"closed","template":"","meta":[],"product_brand":[],"product_cat":[210],"product_tag":[231,7,232,18,230],"class_list":{"0":"post-1113","1":"product","2":"type-product","3":"status-publish","4":"has-post-thumbnail","6":"product_cat-motoare","7":"product_tag-9g","8":"product_tag-arduino","9":"product_tag-micro","10":"product_tag-motor","11":"product_tag-servo","13":"first","14":"instock","15":"sold-individually","16":"shipping-taxable","17":"purchasable","18":"product-type-simple"},"_links":{"self":[{"href":"https:\/\/roboromania.ro\/index.php?rest_route=\/wp\/v2\/product\/1113","targetHints":{"allow":["GET"]}}],"collection":[{"href":"https:\/\/roboromania.ro\/index.php?rest_route=\/wp\/v2\/product"}],"about":[{"href":"https:\/\/roboromania.ro\/index.php?rest_route=\/wp\/v2\/types\/product"}],"replies":[{"embeddable":true,"href":"https:\/\/roboromania.ro\/index.php?rest_route=%2Fwp%2Fv2%2Fcomments&post=1113"}],"wp:featuredmedia":[{"embeddable":true,"href":"https:\/\/roboromania.ro\/index.php?rest_route=\/wp\/v2\/media\/1114"}],"wp:attachment":[{"href":"https:\/\/roboromania.ro\/index.php?rest_route=%2Fwp%2Fv2%2Fmedia&parent=1113"}],"wp:term":[{"taxonomy":"product_brand","embeddable":true,"href":"https:\/\/roboromania.ro\/index.php?rest_route=%2Fwp%2Fv2%2Fproduct_brand&post=1113"},{"taxonomy":"product_cat","embeddable":true,"href":"https:\/\/roboromania.ro\/index.php?rest_route=%2Fwp%2Fv2%2Fproduct_cat&post=1113"},{"taxonomy":"product_tag","embeddable":true,"href":"https:\/\/roboromania.ro\/index.php?rest_route=%2Fwp%2Fv2%2Fproduct_tag&post=1113"}],"curies":[{"name":"wp","href":"https:\/\/api.w.org\/{rel}","templated":true}]}}